{"id":1124,"date":"2025-01-09T21:29:53","date_gmt":"2025-01-09T21:29:53","guid":{"rendered":"https:\/\/wagaya.cz\/?post_type=product&#038;p=1124"},"modified":"2025-04-13T08:46:31","modified_gmt":"2025-04-13T08:46:31","slug":"cizrnove-miso","status":"publish","type":"product","link":"https:\/\/wagaya.cz\/en\/product\/cizrnove-miso\/","title":{"rendered":"Cizrnov\u00e9 miso"},"content":{"rendered":"<p>Jeden ze zcela z\u00e1kladn\u00edch dochucovac\u00ed prost\u0159edk\u016f japonsk\u00e9 kuchyn\u011b. Dlouhodobou fermentac\u00ed zpracovan\u00e1 sm\u011bs cizrny, k\u00f3d\u017ei a soli. D\u00e1vka umami, kter\u00e1 m\u016f\u017ee porazit slona. \ud83d\ude01<\/p>\n<p>Vynikaj\u00edc\u00ed do pomaz\u00e1nek, om\u00e1\u010dek, pol\u00e9vek, dresink\u016f\u2026. Odv\u00e1\u017en\u00ed zjist\u00ed, \u017ee si rozum\u00ed i se sladk\u00fdmi v\u011bcmi. \ud83d\udc4d\ud83c\udffb<\/p>","protected":false},"excerpt":{"rendered":"<p>Vintage miso &#8211; <span style=\"font-size: 16px; -webkit-text-size-adjust: 100%;\">kv\u011bten 2023<\/span><\/p>\n<p>250 g<\/p>\n<p>.<\/p>","protected":false},"featured_media":1125,"comment_status":"open","ping_status":"closed","template":"","meta":{"_monsterinsights_skip_tracking":false,"_monsterinsights_sitenote_active":false,"_monsterinsights_sitenote_note":"","_monsterinsights_sitenote_category":0,"site-sidebar-layout":"default","site-content-layout":"","ast-site-content-layout":"default","site-content-style":"default","site-sidebar-style":"default","ast-global-header-display":"","ast-banner-title-visibility":"","ast-main-header-display":"","ast-hfb-above-header-display":"","ast-hfb-below-header-display":"","ast-hfb-mobile-header-display":"","site-post-title":"","ast-breadcrumbs-content":"","ast-featured-img":"","footer-sml-layout":"","theme-transparent-header-meta":"default","adv-header-id-meta":"","stick-header-meta":"default","header-above-stick-meta":"","header-main-stick-meta":"","header-below-stick-meta":"","astra-migrate-meta-layouts":"set","ast-page-background-enabled":"default","ast-page-background-meta":{"desktop":{"background-color":"","background-image":"","background-repeat":"repeat","background-position":"center center","background-size":"auto","background-attachment":"scroll","background-type":"","background-media":"","overlay-type":"","overlay-color":"","overlay-opacity":"","overlay-gradient":""},"tablet":{"background-color":"","background-image":"","background-repeat":"repeat","background-position":"center center","background-size":"auto","background-attachment":"scroll","background-type":"","background-media":"","overlay-type":"","overlay-color":"","overlay-opacity":"","overlay-gradient":""},"mobile":{"background-color":"","background-image":"","background-repeat":"repeat","background-position":"center center","background-size":"auto","background-attachment":"scroll","background-type":"","background-media":"","overlay-type":"","overlay-color":"","overlay-opacity":"","overlay-gradient":""}},"ast-content-background-meta":{"desktop":{"background-color":"var(--ast-global-color-5)","background-image":"","background-repeat":"repeat","background-position":"center center","background-size":"auto","background-attachment":"scroll","background-type":"","background-media":"","overlay-type":"","overlay-color":"","overlay-opacity":"","overlay-gradient":""},"tablet":{"background-color":"var(--ast-global-color-5)","background-image":"","background-repeat":"repeat","background-position":"center center","background-size":"auto","background-attachment":"scroll","background-type":"","background-media":"","overlay-type":"","overlay-color":"","overlay-opacity":"","overlay-gradient":""},"mobile":{"background-color":"var(--ast-global-color-5)","background-image":"","background-repeat":"repeat","background-position":"center center","background-size":"auto","background-attachment":"scroll","background-type":"","background-media":"","overlay-type":"","overlay-color":"","overlay-opacity":"","overlay-gradient":""}}},"product_brand":[],"product_cat":[16],"product_tag":[59,61,60,57,58],"class_list":{"0":"post-1124","1":"product","2":"type-product","3":"status-publish","4":"has-post-thumbnail","6":"product_cat-nezarazene","7":"product_tag-dochucovadlo","8":"product_tag-enzymy","9":"product_tag-japonska-kuchyne","10":"product_tag-miso","11":"product_tag-umami","12":"desktop-align-left","13":"tablet-align-left","14":"mobile-align-left","15":"ast-product-gallery-layout-vertical-slider","16":"ast-product-gallery-with-no-image","17":"ast-magnify-disabled","18":"ast-product-tabs-layout-horizontal","20":"first","21":"instock","22":"shipping-taxable","23":"purchasable","24":"product-type-simple"},"_links":{"self":[{"href":"https:\/\/wagaya.cz\/en\/wp-json\/wp\/v2\/product\/1124","targetHints":{"allow":["GET"]}}],"collection":[{"href":"https:\/\/wagaya.cz\/en\/wp-json\/wp\/v2\/product"}],"about":[{"href":"https:\/\/wagaya.cz\/en\/wp-json\/wp\/v2\/types\/product"}],"replies":[{"embeddable":true,"href":"https:\/\/wagaya.cz\/en\/wp-json\/wp\/v2\/comments?post=1124"}],"wp:featuredmedia":[{"embeddable":true,"href":"https:\/\/wagaya.cz\/en\/wp-json\/wp\/v2\/media\/1125"}],"wp:attachment":[{"href":"https:\/\/wagaya.cz\/en\/wp-json\/wp\/v2\/media?parent=1124"}],"wp:term":[{"taxonomy":"product_brand","embeddable":true,"href":"https:\/\/wagaya.cz\/en\/wp-json\/wp\/v2\/product_brand?post=1124"},{"taxonomy":"product_cat","embeddable":true,"href":"https:\/\/wagaya.cz\/en\/wp-json\/wp\/v2\/product_cat?post=1124"},{"taxonomy":"product_tag","embeddable":true,"href":"https:\/\/wagaya.cz\/en\/wp-json\/wp\/v2\/product_tag?post=1124"}],"curies":[{"name":"wp","href":"https:\/\/api.w.org\/{rel}","templated":true}]}}