{"id":1083,"date":"2024-12-04T22:19:03","date_gmt":"2024-12-04T22:19:03","guid":{"rendered":"https:\/\/wagaya.cz\/?post_type=product&#038;p=1083"},"modified":"2025-01-13T13:58:41","modified_gmt":"2025-01-13T13:58:41","slug":"kodzi-kodzi-koji","status":"publish","type":"product","link":"https:\/\/wagaya.cz\/en\/product\/kodzi-kodzi-koji\/","title":{"rendered":"K\u00f3d\u017ei"},"content":{"rendered":"<p>K\u00f3d\u017ei vznik\u00e1 p\u016fsoben\u00edm u\u0161lechtil\u00e9 pl\u00edsn\u011b jm\u00e9nem kropidl\u00e1k r\u00fd\u017eov\u00fd na podklad z obilovin, d\u00edky kter\u00e9 tyto obiloviny z\u00edsk\u00e1vaj\u00ed mno\u017estv\u00ed u\u017eite\u010dn\u00fdch enzym\u016f &#8211; ty jsou pr\u00e1v\u011b podstatn\u00fdmi slo\u017ekami p\u0159i vzniku mnoha zn\u00e1m\u00fdch japonsk\u00fdch pochutin, mezi kter\u00e9 pat\u0159\u00ed nap\u0159. miso a s\u00f3jov\u00e1 om\u00e1\u010dka.<\/p>\n<p>My vyr\u00e1b\u00edme k\u00f3d\u017ei z b\u00edl\u00e9 kulatozrnn\u00e9 r\u00fd\u017ee. Je vhodn\u00e1 na v\u00fdrobu misa, amazake, mirinu, sake a rozli\u010dn\u00fdch \u0161iok\u00f3d\u017ei marin\u00e1d. Dod\u00e1v\u00e1me vysu\u0161enou a vakuov\u011b balenou.<\/p>\n<p>250 g<\/p>","protected":false},"excerpt":{"rendered":"<p>Sladovan\u00e1 r\u00fd\u017ee, z\u00e1klad pro dal\u0161\u00ed fermenta\u010dn\u00ed procesy japonsk\u00e9 kuchyn\u011b<\/p>\n<p>250 g<\/p>\n<p>.<\/p>","protected":false},"featured_media":1084,"comment_status":"open","ping_status":"closed","template":"","meta":{"_monsterinsights_skip_tracking":false,"_monsterinsights_sitenote_active":false,"_monsterinsights_sitenote_note":"","_monsterinsights_sitenote_category":0,"site-sidebar-layout":"default","site-content-layout":"","ast-site-content-layout":"default","site-content-style":"default","site-sidebar-style":"default","ast-global-header-display":"","ast-banner-title-visibility":"","ast-main-header-display":"","ast-hfb-above-header-display":"","ast-hfb-below-header-display":"","ast-hfb-mobile-header-display":"","site-post-title":"","ast-breadcrumbs-content":"","ast-featured-img":"","footer-sml-layout":"","theme-transparent-header-meta":"default","adv-header-id-meta":"","stick-header-meta":"default","header-above-stick-meta":"","header-main-stick-meta":"","header-below-stick-meta":"","astra-migrate-meta-layouts":"set","ast-page-background-enabled":"default","ast-page-background-meta":{"desktop":{"background-color":"","background-image":"","background-repeat":"repeat","background-position":"center center","background-size":"auto","background-attachment":"scroll","background-type":"","background-media":"","overlay-type":"","overlay-color":"","overlay-opacity":"","overlay-gradient":""},"tablet":{"background-color":"","background-image":"","background-repeat":"repeat","background-position":"center center","background-size":"auto","background-attachment":"scroll","background-type":"","background-media":"","overlay-type":"","overlay-color":"","overlay-opacity":"","overlay-gradient":""},"mobile":{"background-color":"","background-image":"","background-repeat":"repeat","background-position":"center center","background-size":"auto","background-attachment":"scroll","background-type":"","background-media":"","overlay-type":"","overlay-color":"","overlay-opacity":"","overlay-gradient":""}},"ast-content-background-meta":{"desktop":{"background-color":"var(--ast-global-color-5)","background-image":"","background-repeat":"repeat","background-position":"center center","background-size":"auto","background-attachment":"scroll","background-type":"","background-media":"","overlay-type":"","overlay-color":"","overlay-opacity":"","overlay-gradient":""},"tablet":{"background-color":"var(--ast-global-color-5)","background-image":"","background-repeat":"repeat","background-position":"center center","background-size":"auto","background-attachment":"scroll","background-type":"","background-media":"","overlay-type":"","overlay-color":"","overlay-opacity":"","overlay-gradient":""},"mobile":{"background-color":"var(--ast-global-color-5)","background-image":"","background-repeat":"repeat","background-position":"center center","background-size":"auto","background-attachment":"scroll","background-type":"","background-media":"","overlay-type":"","overlay-color":"","overlay-opacity":"","overlay-gradient":""}}},"product_brand":[],"product_cat":[16],"product_tag":[59,61,63,58],"class_list":{"0":"post-1083","1":"product","2":"type-product","3":"status-publish","4":"has-post-thumbnail","6":"product_cat-nezarazene","7":"product_tag-dochucovadlo","8":"product_tag-enzymy","9":"product_tag-fermentace","10":"product_tag-umami","11":"desktop-align-left","12":"tablet-align-left","13":"mobile-align-left","14":"ast-product-gallery-layout-vertical-slider","15":"ast-product-gallery-with-no-image","16":"ast-magnify-disabled","17":"ast-product-tabs-layout-horizontal","19":"first","20":"instock","21":"shipping-taxable","22":"purchasable","23":"product-type-simple"},"_links":{"self":[{"href":"https:\/\/wagaya.cz\/en\/wp-json\/wp\/v2\/product\/1083","targetHints":{"allow":["GET"]}}],"collection":[{"href":"https:\/\/wagaya.cz\/en\/wp-json\/wp\/v2\/product"}],"about":[{"href":"https:\/\/wagaya.cz\/en\/wp-json\/wp\/v2\/types\/product"}],"replies":[{"embeddable":true,"href":"https:\/\/wagaya.cz\/en\/wp-json\/wp\/v2\/comments?post=1083"}],"wp:featuredmedia":[{"embeddable":true,"href":"https:\/\/wagaya.cz\/en\/wp-json\/wp\/v2\/media\/1084"}],"wp:attachment":[{"href":"https:\/\/wagaya.cz\/en\/wp-json\/wp\/v2\/media?parent=1083"}],"wp:term":[{"taxonomy":"product_brand","embeddable":true,"href":"https:\/\/wagaya.cz\/en\/wp-json\/wp\/v2\/product_brand?post=1083"},{"taxonomy":"product_cat","embeddable":true,"href":"https:\/\/wagaya.cz\/en\/wp-json\/wp\/v2\/product_cat?post=1083"},{"taxonomy":"product_tag","embeddable":true,"href":"https:\/\/wagaya.cz\/en\/wp-json\/wp\/v2\/product_tag?post=1083"}],"curies":[{"name":"wp","href":"https:\/\/api.w.org\/{rel}","templated":true}]}}